{"id":147,"date":"2013-03-11T11:34:45","date_gmt":"2013-03-11T09:34:45","guid":{"rendered":"http:\/\/www.sashman23.de\/?page_id=147"},"modified":"2015-03-27T09:59:14","modified_gmt":"2015-03-27T08:59:14","slug":"aktuelles","status":"publish","type":"page","link":"https:\/\/magiccrew.de\/","title":{"rendered":"Aktuelles"},"content":{"rendered":"<h4 align=\"center\">Pyroeinbau und Kullissenumbau im Vulkan<\/h4>\n<p>Die Saison 2015 im Filmpark Babelsberg steht vor der T\u00fcr. Am 01.04.2015 um 10Uhr \u00f6ffnen die Tore. Aktuell besch\u00e4ftigen wir uns flei\u00dfig mit kleineren Reperaturen und Neuerungen f\u00fcr die neue Stuntshow im Vulkan.<br \/>\nEinen kleinen Einblick gibt es <a href=\"http:\/\/www.pnn.de\/mediathek\/948644\/1\/\" title=\"Heli landet\">HIER<\/a>, auf der Mediathek der pnn.de (Potsdamer Neuste Nachrichten)<\/p>\n<p>&nbsp;<\/p>\n<div align=\"center\">ngg_shortcode_0_placeholder<\/div>\n","protected":false},"excerpt":{"rendered":"<p>Pyroeinbau und Kullissenumbau im Vulkan Die Saison 2015 im Filmpark Babelsberg steht vor der T\u00fcr. Am 01.04.2015 um 10Uhr \u00f6ffnen die Tore. Aktuell besch\u00e4ftigen wir uns flei\u00dfig mit kleineren Reperaturen und Neuerungen f\u00fcr die neue Stuntshow im Vulkan. Einen kleinen Einblick gibt es HIER, auf der Mediathek der pnn.de (Potsdamer Neuste Nachrichten) &nbsp;<\/p>\n","protected":false},"author":1,"featured_media":0,"parent":0,"menu_order":0,"comment_status":"closed","ping_status":"open","template":"","meta":{"ngg_post_thumbnail":0,"footnotes":""},"class_list":["post-147","page","type-page","status-publish","hentry"],"_links":{"self":[{"href":"https:\/\/magiccrew.de\/index.php?rest_route=\/wp\/v2\/pages\/147","targetHints":{"allow":["GET"]}}],"collection":[{"href":"https:\/\/magiccrew.de\/index.php?rest_route=\/wp\/v2\/pages"}],"about":[{"href":"https:\/\/magiccrew.de\/index.php?rest_route=\/wp\/v2\/types\/page"}],"author":[{"embeddable":true,"href":"https:\/\/magiccrew.de\/index.php?rest_route=\/wp\/v2\/users\/1"}],"replies":[{"embeddable":true,"href":"https:\/\/magiccrew.de\/index.php?rest_route=%2Fwp%2Fv2%2Fcomments&post=147"}],"version-history":[{"count":8,"href":"https:\/\/magiccrew.de\/index.php?rest_route=\/wp\/v2\/pages\/147\/revisions"}],"predecessor-version":[{"id":487,"href":"https:\/\/magiccrew.de\/index.php?rest_route=\/wp\/v2\/pages\/147\/revisions\/487"}],"wp:attachment":[{"href":"https:\/\/magiccrew.de\/index.php?rest_route=%2Fwp%2Fv2%2Fmedia&parent=147"}],"curies":[{"name":"wp","href":"https:\/\/api.w.org\/{rel}","templated":true}]}}