{"id":42,"date":"2013-03-11T00:51:41","date_gmt":"2013-03-10T22:51:41","guid":{"rendered":"http:\/\/www.sashman23.de\/magiccrew\/?page_id=42"},"modified":"2013-03-11T00:51:41","modified_gmt":"2013-03-10T22:51:41","slug":"musiksynchrones-feuerwerk","status":"publish","type":"page","link":"https:\/\/magiccrew.de\/?page_id=42","title":{"rendered":"Musiksynchrones Feuerwerk"},"content":{"rendered":"<p style=\"text-align: center;\">Mit einem perfekt konzepierten Musikfeuerwerk f\u00fcr einen Augenblick der Realit\u00e4t entfliehen ? Kein Problem die MagicCrew macht es m\u00f6glich. Ob Silber Sterne, goldene Palmen oder einfach nur ein rotes Herz, an Farben und Formen sind uns hier kaum Grenzen gesetzt. Und in einer gro\u00dfen Musikdatenbank findet man f\u00fcr jeden Anlass den richtigen Titel&#8230;<\/p>\n<p style=\"text-align: center;\">\n","protected":false},"excerpt":{"rendered":"<p>Mit einem perfekt konzepierten Musikfeuerwerk f\u00fcr einen Augenblick der Realit\u00e4t entfliehen ? Kein Problem die MagicCrew macht es m\u00f6glich. Ob Silber Sterne, goldene Palmen oder einfach nur ein rotes Herz, an Farben und Formen sind uns hier kaum Grenzen gesetzt. Und in einer gro\u00dfen Musikdatenbank findet man f\u00fcr jeden Anlass den richtigen Titel&#8230;<\/p>\n","protected":false},"author":1,"featured_media":0,"parent":40,"menu_order":2,"comment_status":"closed","ping_status":"closed","template":"","meta":{"ngg_post_thumbnail":0,"footnotes":""},"class_list":["post-42","page","type-page","status-publish","hentry"],"_links":{"self":[{"href":"https:\/\/magiccrew.de\/index.php?rest_route=\/wp\/v2\/pages\/42","targetHints":{"allow":["GET"]}}],"collection":[{"href":"https:\/\/magiccrew.de\/index.php?rest_route=\/wp\/v2\/pages"}],"about":[{"href":"https:\/\/magiccrew.de\/index.php?rest_route=\/wp\/v2\/types\/page"}],"author":[{"embeddable":true,"href":"https:\/\/magiccrew.de\/index.php?rest_route=\/wp\/v2\/users\/1"}],"replies":[{"embeddable":true,"href":"https:\/\/magiccrew.de\/index.php?rest_route=%2Fwp%2Fv2%2Fcomments&post=42"}],"version-history":[{"count":0,"href":"https:\/\/magiccrew.de\/index.php?rest_route=\/wp\/v2\/pages\/42\/revisions"}],"up":[{"embeddable":true,"href":"https:\/\/magiccrew.de\/index.php?rest_route=\/wp\/v2\/pages\/40"}],"wp:attachment":[{"href":"https:\/\/magiccrew.de\/index.php?rest_route=%2Fwp%2Fv2%2Fmedia&parent=42"}],"curies":[{"name":"wp","href":"https:\/\/api.w.org\/{rel}","templated":true}]}}