{"id":431,"date":"2014-05-09T13:29:23","date_gmt":"2014-05-09T12:29:23","guid":{"rendered":"http:\/\/magiccrew.de\/?page_id=431"},"modified":"2014-09-19T09:55:00","modified_gmt":"2014-09-19T08:55:00","slug":"film-show-waffen-verleih","status":"publish","type":"page","link":"https:\/\/magiccrew.de\/?page_id=431","title":{"rendered":"Film- &#038; Show-Waffen Verleih"},"content":{"rendered":"<p>Die Magiccrew verf\u00fcgt \u00fcber eine Reihe von Waffen, welche in Filmen, Shows oder an Theatern und Freilichtb\u00fchnen verwendet werden k\u00f6nnen. Einige sind Schaukampftauglich, andere sollten nur als\u00a0Accessoire den Schauspieler ziehren. Alle Waffen k\u00f6nnen Sie nat\u00fcrlich bei der Magiccrew mieten. Preise auf Anfrage.<\/p>\n<p>Unsere Waffenkammer:<\/p>\nngg_shortcode_0_placeholder\n<p>&nbsp;<\/p>\n<p>Hier eine kleine Auswahl:<\/p>\n<p><strong>diverse Vorderladerpistolen<\/strong><\/p>\n<p>ngg_shortcode_1_placeholder\u00a0ngg_shortcode_2_placeholder<\/p>\n<p>alle funktionst\u00fcchtig<\/p>\n<p>17 St\u00fcck auf Lager<\/p>\n<p>&nbsp;<\/p>\n<p><strong>diverse Feuerwaffen<\/strong><\/p>\n<p>ngg_shortcode_3_placeholder\u00a0ngg_shortcode_4_placeholder\u00a0ngg_shortcode_5_placeholder<\/p>\n<p>verschiedene St\u00fcckzahlen &amp; f\u00fcr Film umgebaut<\/p>\n<p>&nbsp;<\/p>\n<p><strong>Griechisches Falcata<\/strong><\/p>\nngg_shortcode_6_placeholder\n<p>Schaukampftauglich<\/p>\n<p>8 St\u00fcck auf Lager<\/p>\n<p>&nbsp;<\/p>\n<p><strong>Griechischer Dolch\u00a0<\/strong>Variante 1<\/p>\nngg_shortcode_7_placeholder\n<p>Nur Zierde<\/p>\n<p>12 St\u00fcck auf Lager<\/p>\n<p>&nbsp;<\/p>\n<p><strong>Griechischer Dolch<\/strong> Variante 2<\/p>\nngg_shortcode_8_placeholder\n<p>Nur Zierde<\/p>\n<p>4 St\u00fcck auf Lager<\/p>\n<p>&nbsp;<\/p>\n<p><strong>Kurzschwert Hopelite<\/strong><\/p>\nngg_shortcode_9_placeholder\n<p>Nur Zierde<\/p>\n<p>3 St\u00fcck auf Lager<\/p>\n","protected":false},"excerpt":{"rendered":"<p>Die Magiccrew verf\u00fcgt \u00fcber eine Reihe von Waffen, welche in Filmen, Shows oder an Theatern und Freilichtb\u00fchnen verwendet werden k\u00f6nnen. Einige sind Schaukampftauglich, andere sollten nur als\u00a0Accessoire den Schauspieler ziehren. Alle Waffen k\u00f6nnen Sie nat\u00fcrlich bei der Magiccrew mieten. Preise auf Anfrage. Unsere Waffenkammer: &nbsp; Hier eine kleine Auswahl: diverse Vorderladerpistolen \u00a0 alle funktionst\u00fcchtig 17 [&hellip;]<\/p>\n","protected":false},"author":1,"featured_media":0,"parent":0,"menu_order":5,"comment_status":"open","ping_status":"open","template":"","meta":{"ngg_post_thumbnail":0,"footnotes":""},"class_list":["post-431","page","type-page","status-publish","hentry"],"_links":{"self":[{"href":"https:\/\/magiccrew.de\/index.php?rest_route=\/wp\/v2\/pages\/431","targetHints":{"allow":["GET"]}}],"collection":[{"href":"https:\/\/magiccrew.de\/index.php?rest_route=\/wp\/v2\/pages"}],"about":[{"href":"https:\/\/magiccrew.de\/index.php?rest_route=\/wp\/v2\/types\/page"}],"author":[{"embeddable":true,"href":"https:\/\/magiccrew.de\/index.php?rest_route=\/wp\/v2\/users\/1"}],"replies":[{"embeddable":true,"href":"https:\/\/magiccrew.de\/index.php?rest_route=%2Fwp%2Fv2%2Fcomments&post=431"}],"version-history":[{"count":8,"href":"https:\/\/magiccrew.de\/index.php?rest_route=\/wp\/v2\/pages\/431\/revisions"}],"predecessor-version":[{"id":478,"href":"https:\/\/magiccrew.de\/index.php?rest_route=\/wp\/v2\/pages\/431\/revisions\/478"}],"wp:attachment":[{"href":"https:\/\/magiccrew.de\/index.php?rest_route=%2Fwp%2Fv2%2Fmedia&parent=431"}],"curies":[{"name":"wp","href":"https:\/\/api.w.org\/{rel}","templated":true}]}}