{"id":54,"date":"2013-03-11T01:00:11","date_gmt":"2013-03-10T23:00:11","guid":{"rendered":"http:\/\/www.sashman23.de\/magiccrew\/?page_id=54"},"modified":"2013-03-11T01:00:11","modified_gmt":"2013-03-10T23:00:11","slug":"piraten-action-open-air","status":"publish","type":"page","link":"https:\/\/magiccrew.de\/?page_id=54","title":{"rendered":"Piraten-Action-Open-Air"},"content":{"rendered":"<p>Das\u00a0<b>Piraten-Open-Air<\/b>\u00a0findet seit 2005 jeweils von Ende Juni bis Anfang September in\u00a0Grevesm\u00fchlen\u00a0statt. Es geh\u00f6rt zu den erfolgreichsten Open-Air-Theatern in\u00a0Mecklenburg-Vorpommern. Die Zuschauertrib\u00fcne hat eine Kapazit\u00e4t von 1500 Pl\u00e4tzen und die B\u00fchne eine Spielfl\u00e4che von mehr als 8000 m\u00b2.<\/p>\n<p>Seit mehr als 10 Jahren war das mobile Piraten-Open-Air-Theater in Deutschland, Europa und \u00dcbersee unterwegs, bevor man erstmals 2005 mit festem Spielort in Grevesm\u00fchlen Station machte. Nach dem Erfolg wurde man hier sesshaft und war zuerst am\u00a0Ploggensee\u00a0mit festem Theater ans\u00e4ssig, bevor man 2007 ein neues und gr\u00f6\u00dferes Freilufttheater direkt an der Schweriner Landstra\u00dfe auf einem sieben Hektar gro\u00dfem Areal errichtete.<\/p>\n<div align=\"center\";>ngg_shortcode_0_placeholder<\/div>\n","protected":false},"excerpt":{"rendered":"<p>Das\u00a0Piraten-Open-Air\u00a0findet seit 2005 jeweils von Ende Juni bis Anfang September in\u00a0Grevesm\u00fchlen\u00a0statt. Es geh\u00f6rt zu den erfolgreichsten Open-Air-Theatern in\u00a0Mecklenburg-Vorpommern. Die Zuschauertrib\u00fcne hat eine Kapazit\u00e4t von 1500 Pl\u00e4tzen und die B\u00fchne eine Spielfl\u00e4che von mehr als 8000 m\u00b2. Seit mehr als 10 Jahren war das mobile Piraten-Open-Air-Theater in Deutschland, Europa und \u00dcbersee unterwegs, bevor man erstmals 2005 [&hellip;]<\/p>\n","protected":false},"author":1,"featured_media":0,"parent":52,"menu_order":1,"comment_status":"closed","ping_status":"closed","template":"","meta":{"ngg_post_thumbnail":0,"footnotes":""},"class_list":["post-54","page","type-page","status-publish","hentry"],"_links":{"self":[{"href":"https:\/\/magiccrew.de\/index.php?rest_route=\/wp\/v2\/pages\/54","targetHints":{"allow":["GET"]}}],"collection":[{"href":"https:\/\/magiccrew.de\/index.php?rest_route=\/wp\/v2\/pages"}],"about":[{"href":"https:\/\/magiccrew.de\/index.php?rest_route=\/wp\/v2\/types\/page"}],"author":[{"embeddable":true,"href":"https:\/\/magiccrew.de\/index.php?rest_route=\/wp\/v2\/users\/1"}],"replies":[{"embeddable":true,"href":"https:\/\/magiccrew.de\/index.php?rest_route=%2Fwp%2Fv2%2Fcomments&post=54"}],"version-history":[{"count":0,"href":"https:\/\/magiccrew.de\/index.php?rest_route=\/wp\/v2\/pages\/54\/revisions"}],"up":[{"embeddable":true,"href":"https:\/\/magiccrew.de\/index.php?rest_route=\/wp\/v2\/pages\/52"}],"wp:attachment":[{"href":"https:\/\/magiccrew.de\/index.php?rest_route=%2Fwp%2Fv2%2Fmedia&parent=54"}],"curies":[{"name":"wp","href":"https:\/\/api.w.org\/{rel}","templated":true}]}}